{"id":16479,"date":"2020-10-16T15:03:43","date_gmt":"2020-10-16T08:03:43","guid":{"rendered":"https:\/\/daishouse.fr\/?page_id=16479"},"modified":"2022-06-17T13:29:15","modified_gmt":"2022-06-17T11:29:15","slug":"page-daccueil","status":"publish","type":"page","link":"https:\/\/daishouse.fr\/","title":{"rendered":"Traiteur asiatique, Pokebowl, Bubble Tea"},"content":{"rendered":"\t\t<div data-elementor-type=\"wp-page\" data-elementor-id=\"16479\" class=\"elementor elementor-16479\">\n\t\t\t\t\t\t\t\t\t<section class=\"elementor-section elementor-top-section elementor-element elementor-element-85a6dff elementor-section-boxed elementor-section-height-default elementor-section-height-default\" data-id=\"85a6dff\" data-element_type=\"section\">\n\t\t\t\t\t\t<div class=\"elementor-container elementor-column-gap-default\">\n\t\t\t\t\t<div class=\"elementor-column elementor-col-100 elementor-top-column elementor-element elementor-element-8595acb\" data-id=\"8595acb\" data-element_type=\"column\">\n\t\t\t<div class=\"elementor-widget-wrap elementor-element-populated\">\n\t\t\t\t\t\t\t\t<div class=\"elementor-element elementor-element-508ae81 elementor-widget elementor-widget-heading\" data-id=\"508ae81\" data-element_type=\"widget\" data-widget_type=\"heading.default\">\n\t\t\t\t<div class=\"elementor-widget-container\">\n\t\t\t<h2 class=\"elementor-heading-title elementor-size-default\">Bienvenue chez Dai's House<\/h2>\t\t<\/div>\n\t\t\t\t<\/div>\n\t\t\t\t\t<\/div>\n\t\t<\/div>\n\t\t\t\t\t\t\t<\/div>\n\t\t<\/section>\n\t\t\t\t<section class=\"elementor-section elementor-top-section elementor-element elementor-element-b40eaeb elementor-section-boxed elementor-section-height-default elementor-section-height-default\" data-id=\"b40eaeb\" data-element_type=\"section\">\n\t\t\t\t\t\t<div class=\"elementor-container elementor-column-gap-default\">\n\t\t\t\t\t<div class=\"elementor-column elementor-col-33 elementor-top-column elementor-element elementor-element-0bb38dd\" data-id=\"0bb38dd\" data-element_type=\"column\">\n\t\t\t<div class=\"elementor-widget-wrap elementor-element-populated\">\n\t\t\t\t\t\t\t\t<div class=\"elementor-element elementor-element-e0abe3b elementor-widget elementor-widget-image\" data-id=\"e0abe3b\" data-element_type=\"widget\" data-widget_type=\"image.default\">\n\t\t\t\t<div class=\"elementor-widget-container\">\n\t\t\t\t\t\t\t\t\t\t\t\t\t\t\t<img width=\"1024\" height=\"768\" src=\"https:\/\/daishouse.fr\/wp-content\/uploads\/2022\/06\/Photos-du-store-1024x768.jpg\" class=\"attachment-large size-large\" alt=\"\" loading=\"lazy\" srcset=\"https:\/\/daishouse.fr\/wp-content\/uploads\/2022\/06\/Photos-du-store-1024x768.jpg 1024w, https:\/\/daishouse.fr\/wp-content\/uploads\/2022\/06\/Photos-du-store-300x225.jpg 300w, https:\/\/daishouse.fr\/wp-content\/uploads\/2022\/06\/Photos-du-store-768x576.jpg 768w, https:\/\/daishouse.fr\/wp-content\/uploads\/2022\/06\/Photos-du-store-600x450.jpg 600w, https:\/\/daishouse.fr\/wp-content\/uploads\/2022\/06\/Photos-du-store-1536x1152.jpg 1536w, https:\/\/daishouse.fr\/wp-content\/uploads\/2022\/06\/Photos-du-store-1300x975.jpg 1300w, https:\/\/daishouse.fr\/wp-content\/uploads\/2022\/06\/Photos-du-store.jpg 2048w\" sizes=\"(max-width: 1024px) 100vw, 1024px\" \/>\t\t\t\t\t\t\t\t\t\t\t\t\t\t\t<\/div>\n\t\t\t\t<\/div>\n\t\t\t\t\t<\/div>\n\t\t<\/div>\n\t\t\t\t<div class=\"elementor-column elementor-col-33 elementor-top-column elementor-element elementor-element-46cc97f\" data-id=\"46cc97f\" data-element_type=\"column\">\n\t\t\t<div class=\"elementor-widget-wrap elementor-element-populated\">\n\t\t\t\t\t\t\t\t<div class=\"elementor-element elementor-element-bb216c2 elementor-widget elementor-widget-image\" data-id=\"bb216c2\" data-element_type=\"widget\" data-widget_type=\"image.default\">\n\t\t\t\t<div class=\"elementor-widget-container\">\n\t\t\t\t\t\t\t\t\t\t\t\t\t\t\t<img width=\"1024\" height=\"768\" src=\"https:\/\/daishouse.fr\/wp-content\/uploads\/2022\/06\/Photo-du-devant-1024x768.jpg\" class=\"attachment-large size-large\" alt=\"\" loading=\"lazy\" srcset=\"https:\/\/daishouse.fr\/wp-content\/uploads\/2022\/06\/Photo-du-devant-1024x768.jpg 1024w, https:\/\/daishouse.fr\/wp-content\/uploads\/2022\/06\/Photo-du-devant-300x225.jpg 300w, https:\/\/daishouse.fr\/wp-content\/uploads\/2022\/06\/Photo-du-devant-768x576.jpg 768w, https:\/\/daishouse.fr\/wp-content\/uploads\/2022\/06\/Photo-du-devant-600x450.jpg 600w, https:\/\/daishouse.fr\/wp-content\/uploads\/2022\/06\/Photo-du-devant-1536x1152.jpg 1536w, https:\/\/daishouse.fr\/wp-content\/uploads\/2022\/06\/Photo-du-devant-1300x975.jpg 1300w, https:\/\/daishouse.fr\/wp-content\/uploads\/2022\/06\/Photo-du-devant.jpg 2048w\" sizes=\"(max-width: 1024px) 100vw, 1024px\" \/>\t\t\t\t\t\t\t\t\t\t\t\t\t\t\t<\/div>\n\t\t\t\t<\/div>\n\t\t\t\t\t<\/div>\n\t\t<\/div>\n\t\t\t\t<div class=\"elementor-column elementor-col-33 elementor-top-column elementor-element elementor-element-5e1e822\" data-id=\"5e1e822\" data-element_type=\"column\">\n\t\t\t<div class=\"elementor-widget-wrap elementor-element-populated\">\n\t\t\t\t\t\t\t\t<div class=\"elementor-element elementor-element-bfe86ba elementor-widget elementor-widget-image\" data-id=\"bfe86ba\" data-element_type=\"widget\" data-widget_type=\"image.default\">\n\t\t\t\t<div class=\"elementor-widget-container\">\n\t\t\t\t\t\t\t\t\t\t\t\t\t\t\t<img width=\"1024\" height=\"768\" src=\"https:\/\/daishouse.fr\/wp-content\/uploads\/2022\/06\/Photo-des-places-1024x768.jpg\" class=\"attachment-large size-large\" alt=\"\" loading=\"lazy\" srcset=\"https:\/\/daishouse.fr\/wp-content\/uploads\/2022\/06\/Photo-des-places-1024x768.jpg 1024w, https:\/\/daishouse.fr\/wp-content\/uploads\/2022\/06\/Photo-des-places-300x225.jpg 300w, https:\/\/daishouse.fr\/wp-content\/uploads\/2022\/06\/Photo-des-places-768x576.jpg 768w, https:\/\/daishouse.fr\/wp-content\/uploads\/2022\/06\/Photo-des-places-600x450.jpg 600w, https:\/\/daishouse.fr\/wp-content\/uploads\/2022\/06\/Photo-des-places-1536x1152.jpg 1536w, https:\/\/daishouse.fr\/wp-content\/uploads\/2022\/06\/Photo-des-places-1300x975.jpg 1300w, https:\/\/daishouse.fr\/wp-content\/uploads\/2022\/06\/Photo-des-places.jpg 2048w\" sizes=\"(max-width: 1024px) 100vw, 1024px\" \/>\t\t\t\t\t\t\t\t\t\t\t\t\t\t\t<\/div>\n\t\t\t\t<\/div>\n\t\t\t\t\t<\/div>\n\t\t<\/div>\n\t\t\t\t\t\t\t<\/div>\n\t\t<\/section>\n\t\t\t\t<section class=\"elementor-section elementor-top-section elementor-element elementor-element-980374d elementor-section-boxed elementor-section-height-default elementor-section-height-default\" data-id=\"980374d\" data-element_type=\"section\">\n\t\t\t\t\t\t<div class=\"elementor-container elementor-column-gap-default\">\n\t\t\t\t\t<div class=\"elementor-column elementor-col-100 elementor-top-column elementor-element elementor-element-6ae76e6\" data-id=\"6ae76e6\" data-element_type=\"column\">\n\t\t\t<div class=\"elementor-widget-wrap elementor-element-populated\">\n\t\t\t\t\t\t\t\t<div class=\"elementor-element elementor-element-7693c4d elementor-widget elementor-widget-spacer\" data-id=\"7693c4d\" data-element_type=\"widget\" data-widget_type=\"spacer.default\">\n\t\t\t\t<div class=\"elementor-widget-container\">\n\t\t\t\t\t<div class=\"elementor-spacer\">\n\t\t\t<div class=\"elementor-spacer-inner\"><\/div>\n\t\t<\/div>\n\t\t\t\t<\/div>\n\t\t\t\t<\/div>\n\t\t\t\t\t<\/div>\n\t\t<\/div>\n\t\t\t\t\t\t\t<\/div>\n\t\t<\/section>\n\t\t\t\t<section class=\"elementor-section elementor-top-section elementor-element elementor-element-cee6550 elementor-section-boxed elementor-section-height-default elementor-section-height-default\" data-id=\"cee6550\" data-element_type=\"section\">\n\t\t\t\t\t\t<div class=\"elementor-container elementor-column-gap-default\">\n\t\t\t\t\t<div class=\"elementor-column elementor-col-100 elementor-top-column elementor-element elementor-element-5dc7469\" data-id=\"5dc7469\" data-element_type=\"column\">\n\t\t\t<div class=\"elementor-widget-wrap elementor-element-populated\">\n\t\t\t\t\t\t\t\t<div class=\"elementor-element elementor-element-fc3250a elementor-widget elementor-widget-heading\" data-id=\"fc3250a\" data-element_type=\"widget\" data-widget_type=\"heading.default\">\n\t\t\t\t<div class=\"elementor-widget-container\">\n\t\t\t<h2 class=\"elementor-heading-title elementor-size-default\">Qui sommes-nous ?<\/h2>\t\t<\/div>\n\t\t\t\t<\/div>\n\t\t\t\t\t<\/div>\n\t\t<\/div>\n\t\t\t\t\t\t\t<\/div>\n\t\t<\/section>\n\t\t\t\t<section class=\"elementor-section elementor-top-section elementor-element elementor-element-f7ed060 elementor-section-boxed elementor-section-height-default elementor-section-height-default\" data-id=\"f7ed060\" data-element_type=\"section\">\n\t\t\t\t\t\t<div class=\"elementor-container elementor-column-gap-default\">\n\t\t\t\t\t<div class=\"elementor-column elementor-col-100 elementor-top-column elementor-element elementor-element-66b822d\" data-id=\"66b822d\" data-element_type=\"column\">\n\t\t\t<div class=\"elementor-widget-wrap elementor-element-populated\">\n\t\t\t\t\t\t\t\t<div class=\"elementor-element elementor-element-35b0113 elementor-widget elementor-widget-text-editor\" data-id=\"35b0113\" data-element_type=\"widget\" data-widget_type=\"text-editor.default\">\n\t\t\t\t<div class=\"elementor-widget-container\">\n\t\t\t\t\t\t\tLe traiteur Dai&rsquo;s House se situe au 7\u00e8me arrondissement dans l&rsquo;une des c\u00e9l\u00e8bres rue de Paris : la Rue Cler.\n<br>\nDans notre restaurant, vous trouverez diverses sp\u00e9cialit\u00e9s tels que la gastronomie asiatique, les Pokebowls et \u00e9galement le fameux Bubble Tea \u00e0 d\u00e9guster en plein \u00e9t\u00e9.\n\t\t\t\t\t\t<\/div>\n\t\t\t\t<\/div>\n\t\t\t\t\t<\/div>\n\t\t<\/div>\n\t\t\t\t\t\t\t<\/div>\n\t\t<\/section>\n\t\t\t\t<section class=\"elementor-section elementor-top-section elementor-element elementor-element-0205f41 elementor-section-boxed elementor-section-height-default elementor-section-height-default\" data-id=\"0205f41\" data-element_type=\"section\">\n\t\t\t\t\t\t<div class=\"elementor-container elementor-column-gap-default\">\n\t\t\t\t\t<div class=\"elementor-column elementor-col-100 elementor-top-column elementor-element elementor-element-924f496\" data-id=\"924f496\" data-element_type=\"column\">\n\t\t\t<div class=\"elementor-widget-wrap elementor-element-populated\">\n\t\t\t\t\t\t\t\t<div class=\"elementor-element elementor-element-8f97183 elementor-widget elementor-widget-heading\" data-id=\"8f97183\" data-element_type=\"widget\" data-widget_type=\"heading.default\">\n\t\t\t\t<div class=\"elementor-widget-container\">\n\t\t\t<h2 class=\"elementor-heading-title elementor-size-default\">horaires<\/h2>\t\t<\/div>\n\t\t\t\t<\/div>\n\t\t\t\t\t<\/div>\n\t\t<\/div>\n\t\t\t\t\t\t\t<\/div>\n\t\t<\/section>\n\t\t\t\t<section class=\"elementor-section elementor-top-section elementor-element elementor-element-e00df17 elementor-section-boxed elementor-section-height-default elementor-section-height-default\" data-id=\"e00df17\" data-element_type=\"section\">\n\t\t\t\t\t\t<div class=\"elementor-container elementor-column-gap-default\">\n\t\t\t\t\t<div class=\"elementor-column elementor-col-100 elementor-top-column elementor-element elementor-element-042bdf4\" data-id=\"042bdf4\" data-element_type=\"column\">\n\t\t\t<div class=\"elementor-widget-wrap elementor-element-populated\">\n\t\t\t\t\t\t\t\t<div class=\"elementor-element elementor-element-0a5929d elementor-widget elementor-widget-text-editor\" data-id=\"0a5929d\" data-element_type=\"widget\" data-widget_type=\"text-editor.default\">\n\t\t\t\t<div class=\"elementor-widget-container\">\n\t\t\t\t\t\t\t<p>Lundi : 10h30 &#8211; 9h30<\/p><p>Mardi : 10h30 &#8211; 9h30<\/p><p>Mercredi : 10h30 &#8211; 9h30<\/p><p>Jeudi : 10h30 &#8211; 9h30<\/p><p>Vendredi : 10h30 &#8211; 9h30<\/p><p>Samedi : 10h30 &#8211; 9h30<\/p><p>Dimanche : Ferm\u00e9<\/p>\t\t\t\t\t\t<\/div>\n\t\t\t\t<\/div>\n\t\t\t\t\t<\/div>\n\t\t<\/div>\n\t\t\t\t\t\t\t<\/div>\n\t\t<\/section>\n\t\t\t\t<section class=\"elementor-section elementor-top-section elementor-element elementor-element-79ad9f4 elementor-section-boxed elementor-section-height-default elementor-section-height-default\" data-id=\"79ad9f4\" data-element_type=\"section\">\n\t\t\t\t\t\t<div class=\"elementor-container elementor-column-gap-default\">\n\t\t\t\t\t<div class=\"elementor-column elementor-col-100 elementor-top-column elementor-element elementor-element-aa1da8b\" data-id=\"aa1da8b\" data-element_type=\"column\">\n\t\t\t<div class=\"elementor-widget-wrap elementor-element-populated\">\n\t\t\t\t\t\t\t\t<div class=\"elementor-element elementor-element-27ba34b elementor-widget elementor-widget-google_maps\" data-id=\"27ba34b\" data-element_type=\"widget\" data-widget_type=\"google_maps.default\">\n\t\t\t\t<div class=\"elementor-widget-container\">\n\t\t\t\t\t<div class=\"elementor-custom-embed\">\n\t\t\t<iframe frameborder=\"0\" scrolling=\"no\" marginheight=\"0\" marginwidth=\"0\"\n\t\t\t\t\tsrc=\"https:\/\/maps.google.com\/maps?q=Dai%27s%20House&#038;t=m&#038;z=19&#038;output=embed&#038;iwloc=near\"\n\t\t\t\t\ttitle=\"Dai&#039;s House\"\n\t\t\t\t\taria-label=\"Dai&#039;s House\"\n\t\t\t><\/iframe>\n\t\t<\/div>\n\t\t\t\t<\/div>\n\t\t\t\t<\/div>\n\t\t\t\t\t<\/div>\n\t\t<\/div>\n\t\t\t\t\t\t\t<\/div>\n\t\t<\/section>\n\t\t\t\t<section class=\"elementor-section elementor-top-section elementor-element elementor-element-ef5dd3c elementor-section-boxed elementor-section-height-default elementor-section-height-default\" data-id=\"ef5dd3c\" data-element_type=\"section\">\n\t\t\t\t\t\t<div class=\"elementor-container elementor-column-gap-default\">\n\t\t\t\t\t<div class=\"elementor-column elementor-col-100 elementor-top-column elementor-element elementor-element-23d21cc\" data-id=\"23d21cc\" data-element_type=\"column\">\n\t\t\t<div class=\"elementor-widget-wrap elementor-element-populated\">\n\t\t\t\t\t\t\t\t<div class=\"elementor-element elementor-element-bd8cdae elementor-widget elementor-widget-ts-banner\" data-id=\"bd8cdae\" data-element_type=\"widget\" data-widget_type=\"ts-banner.default\">\n\t\t\t\t<div class=\"elementor-widget-container\">\n\t\t\t\t\t<div class=\"ts-banner text-center background-scale  style-simple show-button\">\n\t\t\t<div class=\"banner-wrapper\">\n\t\t\t\n\t\t\t\t\t\t\t\t<a class=\"banner-link\" href=\"https:\/\/daishouse.fr\/?page_id=19359\" target=\"_blank\" rel=\"nofollow\"><\/a>\n\t\t\t\t\t\t\t\t\t\n\t\t\t\t\t\t\t\t\t\t\t\n\t\t\t\t<div class=\"box-content\">\n\t\t\t\t\t<div class=\"header-content\">\n\t\t\t\t\t\n\t\t\t\t\t\t\t\t\t\t\t\t\n\t\t\t\t\t\t\t\t\t\t\n\t\t\t\t\t\t<h4>NOUVEAUT\u00c9 : LES BUBBLE TEA SONT DISPONIBLES CHEZ DAI&#039;S HOUSE<\/h4>\n\t\t\t\t\t\t\t\t\t\t\t\t\n\t\t\t\t\t\t\t\t\t\t\t\t<div class=\"banner-bottom\">\n\t\t\t\t\t\t\t\t\t\t\t\n\t\t\t\t\t\t\t<span>D\u00e9couvrez la boisson atypique du Ta\u00efwan<\/span>\n\t\t\t\t\t\t\t\t\t\t\t\t\t\t\n\t\t\t\t\t\t\t\t\t\t\t\t\t\t<a href=\"https:\/\/daishouse.fr\/?page_id=19359\" target=\"_blank\" rel=\"nofollow\">Cliquez ici<\/a>\n\t\t\t\t\t\t\t\t\t\t\t\t<\/div>\n\t\t\t\t\t\t\t\t\t\t\t\t\n\t\t\t\t\t\t\t\t\t\t\t\t\n\t\t\t\t\t<\/div>\n\t\t\t\t<\/div>\n\t\t\t\t\n\t\t\t<\/div>\n\t\t<\/div>\n\t\t\t\t<\/div>\n\t\t\t\t<\/div>\n\t\t\t\t\t<\/div>\n\t\t<\/div>\n\t\t\t\t\t\t\t<\/div>\n\t\t<\/section>\n\t\t\t\t\t\t\t<\/div>\n\t\t","protected":false},"excerpt":{"rendered":"<p>Bienvenue chez Dai&rsquo;s House Qui sommes-nous ? Le traiteur Dai&rsquo;s House se situe au 7\u00e8me arrondissement dans l&rsquo;une des c\u00e9l\u00e8bres rue de Paris : la Rue Cler. Dans notre restaurant, vous trouverez diverses sp\u00e9cialit\u00e9s tels que la gastronomie asiatique, les Pokebowls et \u00e9galement le fameux Bubble Tea \u00e0 d\u00e9guster en plein \u00e9t\u00e9. horaires Lundi : [&hellip;]<\/p>\n","protected":false},"author":1,"featured_media":0,"parent":0,"menu_order":0,"comment_status":"closed","ping_status":"closed","template":"","meta":{"_monsterinsights_skip_tracking":false,"_monsterinsights_sitenote_active":false,"_monsterinsights_sitenote_note":"","_monsterinsights_sitenote_category":0},"yoast_head":"<!-- This site is optimized with the Yoast SEO plugin v19.1 - https:\/\/yoast.com\/wordpress\/plugins\/seo\/ -->\n<title>Traiteur asiatique, Pokebowl, Bubble Tea - Dai&#039;s House<\/title>\n<meta name=\"robots\" content=\"index, follow, max-snippet:-1, max-image-preview:large, max-video-preview:-1\" \/>\n<link rel=\"canonical\" href=\"https:\/\/daishouse.fr\/\" \/>\n<meta property=\"og:locale\" content=\"fr_FR\" \/>\n<meta property=\"og:type\" content=\"article\" \/>\n<meta property=\"og:title\" content=\"Traiteur asiatique, Pokebowl, Bubble Tea - Dai&#039;s House\" \/>\n<meta property=\"og:description\" content=\"Bienvenue chez Dai&rsquo;s House Qui sommes-nous ? Le traiteur Dai&rsquo;s House se situe au 7\u00e8me arrondissement dans l&rsquo;une des c\u00e9l\u00e8bres rue de Paris : la Rue Cler. Dans notre restaurant, vous trouverez diverses sp\u00e9cialit\u00e9s tels que la gastronomie asiatique, les Pokebowls et \u00e9galement le fameux Bubble Tea \u00e0 d\u00e9guster en plein \u00e9t\u00e9. horaires Lundi : [&hellip;]\" \/>\n<meta property=\"og:url\" content=\"https:\/\/daishouse.fr\/\" \/>\n<meta property=\"og:site_name\" content=\"Dai&#039;s House\" \/>\n<meta property=\"article:modified_time\" content=\"2022-06-17T11:29:15+00:00\" \/>\n<meta property=\"og:image\" content=\"https:\/\/daishouse.fr\/wp-content\/uploads\/2022\/06\/Photos-du-store-1024x768.jpg\" \/>\n<meta name=\"twitter:card\" content=\"summary_large_image\" \/>\n<meta name=\"twitter:label1\" content=\"Dur\u00e9e de lecture estim\u00e9e\" \/>\n\t<meta name=\"twitter:data1\" content=\"2 minutes\" \/>\n<script type=\"application\/ld+json\" class=\"yoast-schema-graph\">{\"@context\":\"https:\/\/schema.org\",\"@graph\":[{\"@type\":\"Organization\",\"@id\":\"https:\/\/daishouse.fr\/#organization\",\"name\":\"Dai's House\",\"url\":\"https:\/\/daishouse.fr\/\",\"sameAs\":[\"https:\/\/www.instagram.com\/daishouse.fr\/?hl=fr\"],\"logo\":{\"@type\":\"ImageObject\",\"inLanguage\":\"fr-FR\",\"@id\":\"https:\/\/daishouse.fr\/#\/schema\/logo\/image\/\",\"url\":\"https:\/\/daishouse.fr\/wp-content\/uploads\/2022\/06\/Dais-House.png\",\"contentUrl\":\"https:\/\/daishouse.fr\/wp-content\/uploads\/2022\/06\/Dais-House.png\",\"width\":310,\"height\":44,\"caption\":\"Dai's House\"},\"image\":{\"@id\":\"https:\/\/daishouse.fr\/#\/schema\/logo\/image\/\"}},{\"@type\":\"WebSite\",\"@id\":\"https:\/\/daishouse.fr\/#website\",\"url\":\"https:\/\/daishouse.fr\/\",\"name\":\"Dai&#039;s House\",\"description\":\"Traiteur asiatique, Pokebowl, Bubble Tea\",\"publisher\":{\"@id\":\"https:\/\/daishouse.fr\/#organization\"},\"potentialAction\":[{\"@type\":\"SearchAction\",\"target\":{\"@type\":\"EntryPoint\",\"urlTemplate\":\"https:\/\/daishouse.fr\/?s={search_term_string}\"},\"query-input\":\"required name=search_term_string\"}],\"inLanguage\":\"fr-FR\"},{\"@type\":\"ImageObject\",\"inLanguage\":\"fr-FR\",\"@id\":\"https:\/\/daishouse.fr\/#primaryimage\",\"url\":\"https:\/\/daishouse.fr\/wp-content\/uploads\/2022\/06\/Photos-du-store.jpg\",\"contentUrl\":\"https:\/\/daishouse.fr\/wp-content\/uploads\/2022\/06\/Photos-du-store.jpg\",\"width\":2048,\"height\":1536},{\"@type\":\"WebPage\",\"@id\":\"https:\/\/daishouse.fr\/#webpage\",\"url\":\"https:\/\/daishouse.fr\/\",\"name\":\"Traiteur asiatique, Pokebowl, Bubble Tea - Dai&#039;s House\",\"isPartOf\":{\"@id\":\"https:\/\/daishouse.fr\/#website\"},\"primaryImageOfPage\":{\"@id\":\"https:\/\/daishouse.fr\/#primaryimage\"},\"datePublished\":\"2020-10-16T08:03:43+00:00\",\"dateModified\":\"2022-06-17T11:29:15+00:00\",\"breadcrumb\":{\"@id\":\"https:\/\/daishouse.fr\/#breadcrumb\"},\"inLanguage\":\"fr-FR\",\"potentialAction\":[{\"@type\":\"ReadAction\",\"target\":[\"https:\/\/daishouse.fr\/\"]}]},{\"@type\":\"BreadcrumbList\",\"@id\":\"https:\/\/daishouse.fr\/#breadcrumb\",\"itemListElement\":[{\"@type\":\"ListItem\",\"position\":1,\"name\":\"Accueil\",\"item\":\"https:\/\/daishouse.fr\/\"},{\"@type\":\"ListItem\",\"position\":2,\"name\":\"Traiteur asiatique, Pokebowl, Bubble Tea\"}]}]}<\/script>\n<!-- \/ Yoast SEO plugin. -->","yoast_head_json":{"title":"Traiteur asiatique, Pokebowl, Bubble Tea - Dai&#039;s House","robots":{"index":"index","follow":"follow","max-snippet":"max-snippet:-1","max-image-preview":"max-image-preview:large","max-video-preview":"max-video-preview:-1"},"canonical":"https:\/\/daishouse.fr\/","og_locale":"fr_FR","og_type":"article","og_title":"Traiteur asiatique, Pokebowl, Bubble Tea - Dai&#039;s House","og_description":"Bienvenue chez Dai&rsquo;s House Qui sommes-nous ? Le traiteur Dai&rsquo;s House se situe au 7\u00e8me arrondissement dans l&rsquo;une des c\u00e9l\u00e8bres rue de Paris : la Rue Cler. Dans notre restaurant, vous trouverez diverses sp\u00e9cialit\u00e9s tels que la gastronomie asiatique, les Pokebowls et \u00e9galement le fameux Bubble Tea \u00e0 d\u00e9guster en plein \u00e9t\u00e9. horaires Lundi : [&hellip;]","og_url":"https:\/\/daishouse.fr\/","og_site_name":"Dai&#039;s House","article_modified_time":"2022-06-17T11:29:15+00:00","og_image":[{"url":"https:\/\/daishouse.fr\/wp-content\/uploads\/2022\/06\/Photos-du-store-1024x768.jpg"}],"twitter_card":"summary_large_image","twitter_misc":{"Dur\u00e9e de lecture estim\u00e9e":"2 minutes"},"schema":{"@context":"https:\/\/schema.org","@graph":[{"@type":"Organization","@id":"https:\/\/daishouse.fr\/#organization","name":"Dai's House","url":"https:\/\/daishouse.fr\/","sameAs":["https:\/\/www.instagram.com\/daishouse.fr\/?hl=fr"],"logo":{"@type":"ImageObject","inLanguage":"fr-FR","@id":"https:\/\/daishouse.fr\/#\/schema\/logo\/image\/","url":"https:\/\/daishouse.fr\/wp-content\/uploads\/2022\/06\/Dais-House.png","contentUrl":"https:\/\/daishouse.fr\/wp-content\/uploads\/2022\/06\/Dais-House.png","width":310,"height":44,"caption":"Dai's House"},"image":{"@id":"https:\/\/daishouse.fr\/#\/schema\/logo\/image\/"}},{"@type":"WebSite","@id":"https:\/\/daishouse.fr\/#website","url":"https:\/\/daishouse.fr\/","name":"Dai&#039;s House","description":"Traiteur asiatique, Pokebowl, Bubble Tea","publisher":{"@id":"https:\/\/daishouse.fr\/#organization"},"potentialAction":[{"@type":"SearchAction","target":{"@type":"EntryPoint","urlTemplate":"https:\/\/daishouse.fr\/?s={search_term_string}"},"query-input":"required name=search_term_string"}],"inLanguage":"fr-FR"},{"@type":"ImageObject","inLanguage":"fr-FR","@id":"https:\/\/daishouse.fr\/#primaryimage","url":"https:\/\/daishouse.fr\/wp-content\/uploads\/2022\/06\/Photos-du-store.jpg","contentUrl":"https:\/\/daishouse.fr\/wp-content\/uploads\/2022\/06\/Photos-du-store.jpg","width":2048,"height":1536},{"@type":"WebPage","@id":"https:\/\/daishouse.fr\/#webpage","url":"https:\/\/daishouse.fr\/","name":"Traiteur asiatique, Pokebowl, Bubble Tea - Dai&#039;s House","isPartOf":{"@id":"https:\/\/daishouse.fr\/#website"},"primaryImageOfPage":{"@id":"https:\/\/daishouse.fr\/#primaryimage"},"datePublished":"2020-10-16T08:03:43+00:00","dateModified":"2022-06-17T11:29:15+00:00","breadcrumb":{"@id":"https:\/\/daishouse.fr\/#breadcrumb"},"inLanguage":"fr-FR","potentialAction":[{"@type":"ReadAction","target":["https:\/\/daishouse.fr\/"]}]},{"@type":"BreadcrumbList","@id":"https:\/\/daishouse.fr\/#breadcrumb","itemListElement":[{"@type":"ListItem","position":1,"name":"Accueil","item":"https:\/\/daishouse.fr\/"},{"@type":"ListItem","position":2,"name":"Traiteur asiatique, Pokebowl, Bubble Tea"}]}]}},"_links":{"self":[{"href":"https:\/\/daishouse.fr\/index.php?rest_route=\/wp\/v2\/pages\/16479"}],"collection":[{"href":"https:\/\/daishouse.fr\/index.php?rest_route=\/wp\/v2\/pages"}],"about":[{"href":"https:\/\/daishouse.fr\/index.php?rest_route=\/wp\/v2\/types\/page"}],"author":[{"embeddable":true,"href":"https:\/\/daishouse.fr\/index.php?rest_route=\/wp\/v2\/users\/1"}],"replies":[{"embeddable":true,"href":"https:\/\/daishouse.fr\/index.php?rest_route=%2Fwp%2Fv2%2Fcomments&post=16479"}],"version-history":[{"count":22,"href":"https:\/\/daishouse.fr\/index.php?rest_route=\/wp\/v2\/pages\/16479\/revisions"}],"predecessor-version":[{"id":19463,"href":"https:\/\/daishouse.fr\/index.php?rest_route=\/wp\/v2\/pages\/16479\/revisions\/19463"}],"wp:attachment":[{"href":"https:\/\/daishouse.fr\/index.php?rest_route=%2Fwp%2Fv2%2Fmedia&parent=16479"}],"curies":[{"name":"wp","href":"https:\/\/api.w.org\/{rel}","templated":true}]}}